{"id":1273,"date":"2023-07-19T09:29:38","date_gmt":"2023-07-19T09:29:38","guid":{"rendered":"https:\/\/pedroguimaraesart.com\/?page_id=1273"},"modified":"2023-07-19T11:39:36","modified_gmt":"2023-07-19T11:39:36","slug":"the-artist","status":"publish","type":"page","link":"https:\/\/pedroguimaraesart.com\/en\/the-artist\/","title":{"rendered":"The Artist"},"content":{"rendered":"<p>[et_pb_section fb_built=&#8221;1&#8243; _builder_version=&#8221;4.20.4&#8243; _module_preset=&#8221;default&#8221; background_image=&#8221;https:\/\/pedroguimaraesart.com\/wp-content\/uploads\/2023\/07\/fundo-about-pedro-guimaraes-scaled.webp&#8221; global_colors_info=&#8221;{}&#8221;][et_pb_row column_structure=&#8221;1_3,2_3&#8243; _builder_version=&#8221;4.20.4&#8243; _module_preset=&#8221;default&#8221; max_width=&#8221;70%&#8221; global_colors_info=&#8221;{}&#8221;][et_pb_column type=&#8221;1_3&#8243; _builder_version=&#8221;4.20.4&#8243; _module_preset=&#8221;default&#8221; global_colors_info=&#8221;{}&#8221;][et_pb_text _builder_version=&#8221;4.20.4&#8243; _module_preset=&#8221;default&#8221; text_font=&#8221;Fahkwang||||||||&#8221; text_text_color=&#8221;#FFFFFF&#8221; text_font_size=&#8221;16px&#8221; header_3_font=&#8221;Fahkwang||||||||&#8221; header_3_text_color=&#8221;#FFFFFF&#8221; header_3_font_size=&#8221;29px&#8221; hover_enabled=&#8221;0&#8243; global_colors_info=&#8221;{}&#8221; sticky_enabled=&#8221;0&#8243;]<\/p>\n<h3><strong>\u201cMy mission is to make the world more beautiful, colourful, expressive through art.\u201d<\/strong><\/h3>\n<p>&nbsp;<\/p>\n<div class=\"image-with-text__text--2 text \">\n<div>\n<p>Enjoying a wide creative freedom, Pedro Guimar\u00e3es recurs to various techniques, resources and materials.<\/p>\n<p>The paths are multiple and the possibilities are infinite. The artist works with concepts and different approaches in the creation of his art. In his artworks we can find figurative art and abstract art, sometimes the counterposition between both.<\/p>\n<p>Originality and the urge to surprise are characteristics of his work.<\/p>\n<p>There is also a clear intention to involve those who see the artwork, to participate in the narrative interpretation of the artwork according to their experiences, emotions and conceptualizations.<\/p>\n<p>The artist&#8217;s rebelliousness and daring is evident in his will to broaden the definition of art, seeking experimentation with materials, unexpected techniques and the reuse of materials.<\/p>\n<p>Pedro Guimar\u00e3es uses multidisciplinary languages from drawing to painting to constantly explore the multiple forms of observation, highlighting the humanism of figurative painting.<\/p>\n<p>Over the years, the artist has participated in several solo and group exhibitions in Portugal and on the international circuit. His works are part of private collections all over the world: Nigeria, Sweden, Holland, USA, New Zealand, Saudi Arabia, France, Germany, Spain, Angola, Puerto Rico and Lebanon. His work is exhibited at the renowned Georges Berg\u00e8s Gallery in Soho, New York and in several other capitals by Opera Gallery.<\/p>\n<\/div>\n<\/div>\n<p>&nbsp;[\/et_pb_text][et_pb_button button_url=&#8221;https:\/\/www.store.pedroguimaraesart.com\/en\/pages\/contact&#8221; button_text=&#8221;Scheduling a visit&#8221; _builder_version=&#8221;4.20.4&#8243; _module_preset=&#8221;default&#8221; custom_button=&#8221;on&#8221; button_text_size=&#8221;17px&#8221; button_text_color=&#8221;#FFFFFF&#8221; button_bg_color=&#8221;RGBA(255,255,255,0)&#8221; button_border_width=&#8221;1px&#8221; button_border_color=&#8221;#FFFFFF&#8221; button_border_radius=&#8221;0px&#8221; button_font=&#8221;Fahkwang||||||||&#8221; button_use_icon=&#8221;off&#8221; custom_margin=&#8221;||60px||false|false&#8221; custom_padding=&#8221;8px|27px|8px|27px|true|true&#8221; hover_enabled=&#8221;0&#8243; global_colors_info=&#8221;{}&#8221; button_bg_color__hover_enabled=&#8221;on|desktop&#8221; button_bg_color__hover=&#8221;#FFFFFF&#8221; button_bg_enable_color__hover=&#8221;on&#8221; button_text_color__hover_enabled=&#8221;on|hover&#8221; button_text_color__hover=&#8221;rgba(0,0,0,0.95)&#8221; sticky_enabled=&#8221;0&#8243;][\/et_pb_button][\/et_pb_column][et_pb_column type=&#8221;2_3&#8243; _builder_version=&#8221;4.20.4&#8243; _module_preset=&#8221;default&#8221; global_colors_info=&#8221;{}&#8221;][\/et_pb_column][\/et_pb_row][\/et_pb_section]<\/p>\n","protected":false},"excerpt":{"rendered":"<p>\u201cMy mission is to make the world more beautiful, colourful, expressive through art.\u201d &nbsp; Enjoying a wide creative freedom, Pedro Guimar\u00e3es recurs to various techniques, resources and materials. The paths are multiple and the possibilities are infinite. The artist works with concepts and different approaches in the creation of his art. In his artworks we [&hellip;]<\/p>\n","protected":false},"author":2,"featured_media":0,"parent":0,"menu_order":0,"comment_status":"closed","ping_status":"closed","template":"","meta":{"_et_pb_use_builder":"on","_et_pb_old_content":"[et_pb_section fb_built=\"1\" _builder_version=\"4.20.4\" _module_preset=\"default\" background_image=\"https:\/\/pedroguimaraesart.com\/wp-content\/uploads\/2023\/07\/fundo-about-pedro-guimaraes-scaled.webp\" global_colors_info=\"{}\"][et_pb_row column_structure=\"1_3,2_3\" _builder_version=\"4.20.4\" _module_preset=\"default\" max_width=\"70%\" global_colors_info=\"{}\"][et_pb_column type=\"1_3\" _builder_version=\"4.20.4\" _module_preset=\"default\" global_colors_info=\"{}\"][et_pb_text _builder_version=\"4.20.4\" _module_preset=\"default\" text_font=\"Fahkwang||||||||\" text_text_color=\"#FFFFFF\" text_font_size=\"16px\" header_3_font=\"Fahkwang||||||||\" header_3_text_color=\"#FFFFFF\" header_3_font_size=\"29px\" global_colors_info=\"{}\"]\r\n<h3><strong>\"A minha miss\u00e3o \u00e9 tornar o mundo mais belo, colorido, expressivo atrav\u00e9s da arte.\u201d<\/strong><\/h3>\r\n\u00a0\r\n<div class=\"image-with-text__text--2 text \">\r\n<div>\r\n\r\nGozando de uma ampla liberdade criativa, Pedro Guimar\u00e3es recorre a v\u00e1rias t\u00e9cnicas, recursos e materiais.\r\n\r\nOs caminhos s\u00e3o m\u00faltiplos e as possibilidades s\u00e3o infinitas. O artista trabalha com conceitos e distintas abordagens na cria\u00e7\u00e3o da sua arte. Nas suas obras podemos encontrar arte figurativa e arte abstrata, por vezes, a contraposi\u00e7\u00e3o entre ambas.\r\n\r\nA originalidade e o \u00edmpeto para surpreender s\u00e3o caracter\u00edsticas do seu trabalho.\r\n\r\nH\u00e1 ainda uma clara inten\u00e7\u00e3o de envolver quem v\u00ea a obra, a participar na interpreta\u00e7\u00e3o narrativa da obra art\u00edstica em fun\u00e7\u00e3o das suas viv\u00eancias, emo\u00e7\u00f5es e conceptualiza\u00e7\u00f5es.\r\n\r\nA rebeldia e a ousadia do artista evidencia-se na vontade de ampliar a defini\u00e7\u00e3o de arte, procurando a experimenta\u00e7\u00e3o com materiais, t\u00e9cnicas inesperadas e na reutiliza\u00e7\u00e3o de materiais.\r\n\r\n<\/div>\r\n<\/div>\r\n<div class=\"image-with-text__text--3 text \">\r\n<div>\r\n\r\nPedro Guimar\u00e3es parte de linguagens multidisciplinares do desenho, \u00e0 pintura para explorar constantemente as m\u00faltiplas formas de observar, ressaltando o humanismo da pintura figurativa.\r\n\r\nAo longo dos anos, o artista participou de v\u00e1rias exposi\u00e7\u00f5es individuais e colectivas em Portugal e no circuito internacional. Os seus trabalhos fazem parte de cole\u00e7\u00f5es privadas em todo o mundo: Nig\u00e9ria, Su\u00e9cia, Holanda, EUA, Nova Zel\u00e2ndia, Ar\u00e1bia Saudita, Fran\u00e7a, Alemanha, Espanha, Angola, Porto Rico e L\u00edbano. O seu trabalho est\u00e1 exposto na conceituada galeria Georges Berg\u00e8s Gallery, no Soho, em Nova Iorque e em v\u00e1rias outras capitais pela \u00d3pera Gallery.\r\n\r\n<\/div>\r\n<\/div>\r\n\u00a0\r\n\r\n[\/et_pb_text][et_pb_button button_url=\"https:\/\/www.store.pedroguimaraesart.com\/pages\/contact\" button_text=\"Agendar Visita\" _builder_version=\"4.20.4\" _module_preset=\"default\" custom_button=\"on\" button_text_size=\"17px\" button_text_color=\"#FFFFFF\" button_bg_color=\"RGBA(255,255,255,0)\" button_border_width=\"1px\" button_border_color=\"#FFFFFF\" button_border_radius=\"0px\" button_font=\"Fahkwang||||||||\" button_use_icon=\"off\" custom_padding=\"8px|27px|8px|27px|true|true\" hover_enabled=\"0\" global_colors_info=\"{}\" button_bg_color__hover_enabled=\"on|desktop\" button_bg_color__hover=\"#FFFFFF\" button_bg_enable_color__hover=\"on\" button_text_color__hover_enabled=\"on|hover\" button_text_color__hover=\"rgba(0,0,0,0.95)\" custom_margin=\"||60px||false|false\" sticky_enabled=\"0\"][\/et_pb_button][\/et_pb_column][et_pb_column type=\"2_3\" _builder_version=\"4.20.4\" _module_preset=\"default\" global_colors_info=\"{}\"][\/et_pb_column][\/et_pb_row][\/et_pb_section]","_et_gb_content_width":"","inline_featured_image":false},"yoast_head":"<!-- This site is optimized with the Yoast SEO Premium plugin v20.6 (Yoast SEO v20.6) - https:\/\/yoast.com\/wordpress\/plugins\/seo\/ -->\n<title>The Artist - Pedro Guimar\u00e3es<\/title>\n<meta name=\"robots\" content=\"index, follow, max-snippet:-1, max-image-preview:large, max-video-preview:-1\" \/>\n<link rel=\"canonical\" href=\"https:\/\/pedroguimaraesart.com\/en\/the-artist\/\" \/>\n<meta property=\"og:locale\" content=\"en_US\" \/>\n<meta property=\"og:type\" content=\"article\" \/>\n<meta property=\"og:title\" content=\"The Artist\" \/>\n<meta property=\"og:description\" content=\"\u201cMy mission is to make the world more beautiful, colourful, expressive through art.\u201d &nbsp; Enjoying a wide creative freedom, Pedro Guimar\u00e3es recurs to various techniques, resources and materials. The paths are multiple and the possibilities are infinite. The artist works with concepts and different approaches in the creation of his art. In his artworks we [&hellip;]\" \/>\n<meta property=\"og:url\" content=\"https:\/\/pedroguimaraesart.com\/en\/the-artist\/\" \/>\n<meta property=\"og:site_name\" content=\"Pedro Guimar\u00e3es\" \/>\n<meta property=\"article:publisher\" content=\"https:\/\/www.facebook.com\/pedroguimaraespintor\" \/>\n<meta property=\"article:modified_time\" content=\"2023-07-19T11:39:36+00:00\" \/>\n<meta name=\"twitter:card\" content=\"summary_large_image\" \/>\n<meta name=\"twitter:label1\" content=\"Est. reading time\" \/>\n\t<meta name=\"twitter:data1\" content=\"2 minutes\" \/>\n<script type=\"application\/ld+json\" class=\"yoast-schema-graph\">{\"@context\":\"https:\/\/schema.org\",\"@graph\":[{\"@type\":\"WebPage\",\"@id\":\"https:\/\/pedroguimaraesart.com\/en\/the-artist\/\",\"url\":\"https:\/\/pedroguimaraesart.com\/en\/the-artist\/\",\"name\":\"The Artist - Pedro Guimar\u00e3es\",\"isPartOf\":{\"@id\":\"https:\/\/pedroguimaraesart.com\/#website\"},\"datePublished\":\"2023-07-19T09:29:38+00:00\",\"dateModified\":\"2023-07-19T11:39:36+00:00\",\"breadcrumb\":{\"@id\":\"https:\/\/pedroguimaraesart.com\/en\/the-artist\/#breadcrumb\"},\"inLanguage\":\"en-US\",\"potentialAction\":[{\"@type\":\"ReadAction\",\"target\":[\"https:\/\/pedroguimaraesart.com\/en\/the-artist\/\"]}]},{\"@type\":\"BreadcrumbList\",\"@id\":\"https:\/\/pedroguimaraesart.com\/en\/the-artist\/#breadcrumb\",\"itemListElement\":[{\"@type\":\"ListItem\",\"position\":1,\"name\":\"Home\",\"item\":\"https:\/\/pedroguimaraesart.com\/\"},{\"@type\":\"ListItem\",\"position\":2,\"name\":\"The Artist\"}]},{\"@type\":\"WebSite\",\"@id\":\"https:\/\/pedroguimaraesart.com\/#website\",\"url\":\"https:\/\/pedroguimaraesart.com\/\",\"name\":\"Pedro Guimar\u00e3es | Artista Pl\u00e1stico\",\"description\":\"Fine Art\",\"publisher\":{\"@id\":\"https:\/\/pedroguimaraesart.com\/#organization\"},\"potentialAction\":[{\"@type\":\"SearchAction\",\"target\":{\"@type\":\"EntryPoint\",\"urlTemplate\":\"https:\/\/pedroguimaraesart.com\/?s={search_term_string}\"},\"query-input\":\"required name=search_term_string\"}],\"inLanguage\":\"en-US\"},{\"@type\":\"Organization\",\"@id\":\"https:\/\/pedroguimaraesart.com\/#organization\",\"name\":\"Pedro Guimar\u00e3es | Artista Pl\u00e1stico\",\"url\":\"https:\/\/pedroguimaraesart.com\/\",\"logo\":{\"@type\":\"ImageObject\",\"inLanguage\":\"en-US\",\"@id\":\"https:\/\/pedroguimaraesart.com\/#\/schema\/logo\/image\/\",\"url\":\"https:\/\/pedroguimaraesart.com\/wp-content\/uploads\/2023\/04\/logo.png\",\"contentUrl\":\"https:\/\/pedroguimaraesart.com\/wp-content\/uploads\/2023\/04\/logo.png\",\"width\":1434,\"height\":444,\"caption\":\"Pedro Guimar\u00e3es | Artista Pl\u00e1stico\"},\"image\":{\"@id\":\"https:\/\/pedroguimaraesart.com\/#\/schema\/logo\/image\/\"},\"sameAs\":[\"https:\/\/www.facebook.com\/pedroguimaraespintor\"]}]}<\/script>\n<!-- \/ Yoast SEO Premium plugin. -->","yoast_head_json":{"title":"The Artist - Pedro Guimar\u00e3es","robots":{"index":"index","follow":"follow","max-snippet":"max-snippet:-1","max-image-preview":"max-image-preview:large","max-video-preview":"max-video-preview:-1"},"canonical":"https:\/\/pedroguimaraesart.com\/en\/the-artist\/","og_locale":"en_US","og_type":"article","og_title":"The Artist","og_description":"\u201cMy mission is to make the world more beautiful, colourful, expressive through art.\u201d &nbsp; Enjoying a wide creative freedom, Pedro Guimar\u00e3es recurs to various techniques, resources and materials. The paths are multiple and the possibilities are infinite. The artist works with concepts and different approaches in the creation of his art. In his artworks we [&hellip;]","og_url":"https:\/\/pedroguimaraesart.com\/en\/the-artist\/","og_site_name":"Pedro Guimar\u00e3es","article_publisher":"https:\/\/www.facebook.com\/pedroguimaraespintor","article_modified_time":"2023-07-19T11:39:36+00:00","twitter_card":"summary_large_image","twitter_misc":{"Est. reading time":"2 minutes"},"schema":{"@context":"https:\/\/schema.org","@graph":[{"@type":"WebPage","@id":"https:\/\/pedroguimaraesart.com\/en\/the-artist\/","url":"https:\/\/pedroguimaraesart.com\/en\/the-artist\/","name":"The Artist - Pedro Guimar\u00e3es","isPartOf":{"@id":"https:\/\/pedroguimaraesart.com\/#website"},"datePublished":"2023-07-19T09:29:38+00:00","dateModified":"2023-07-19T11:39:36+00:00","breadcrumb":{"@id":"https:\/\/pedroguimaraesart.com\/en\/the-artist\/#breadcrumb"},"inLanguage":"en-US","potentialAction":[{"@type":"ReadAction","target":["https:\/\/pedroguimaraesart.com\/en\/the-artist\/"]}]},{"@type":"BreadcrumbList","@id":"https:\/\/pedroguimaraesart.com\/en\/the-artist\/#breadcrumb","itemListElement":[{"@type":"ListItem","position":1,"name":"Home","item":"https:\/\/pedroguimaraesart.com\/"},{"@type":"ListItem","position":2,"name":"The Artist"}]},{"@type":"WebSite","@id":"https:\/\/pedroguimaraesart.com\/#website","url":"https:\/\/pedroguimaraesart.com\/","name":"Pedro Guimar\u00e3es | Artista Pl\u00e1stico","description":"Fine Art","publisher":{"@id":"https:\/\/pedroguimaraesart.com\/#organization"},"potentialAction":[{"@type":"SearchAction","target":{"@type":"EntryPoint","urlTemplate":"https:\/\/pedroguimaraesart.com\/?s={search_term_string}"},"query-input":"required name=search_term_string"}],"inLanguage":"en-US"},{"@type":"Organization","@id":"https:\/\/pedroguimaraesart.com\/#organization","name":"Pedro Guimar\u00e3es | Artista Pl\u00e1stico","url":"https:\/\/pedroguimaraesart.com\/","logo":{"@type":"ImageObject","inLanguage":"en-US","@id":"https:\/\/pedroguimaraesart.com\/#\/schema\/logo\/image\/","url":"https:\/\/pedroguimaraesart.com\/wp-content\/uploads\/2023\/04\/logo.png","contentUrl":"https:\/\/pedroguimaraesart.com\/wp-content\/uploads\/2023\/04\/logo.png","width":1434,"height":444,"caption":"Pedro Guimar\u00e3es | Artista Pl\u00e1stico"},"image":{"@id":"https:\/\/pedroguimaraesart.com\/#\/schema\/logo\/image\/"},"sameAs":["https:\/\/www.facebook.com\/pedroguimaraespintor"]}]}},"_links":{"self":[{"href":"https:\/\/pedroguimaraesart.com\/en\/wp-json\/wp\/v2\/pages\/1273"}],"collection":[{"href":"https:\/\/pedroguimaraesart.com\/en\/wp-json\/wp\/v2\/pages"}],"about":[{"href":"https:\/\/pedroguimaraesart.com\/en\/wp-json\/wp\/v2\/types\/page"}],"author":[{"embeddable":true,"href":"https:\/\/pedroguimaraesart.com\/en\/wp-json\/wp\/v2\/users\/2"}],"replies":[{"embeddable":true,"href":"https:\/\/pedroguimaraesart.com\/en\/wp-json\/wp\/v2\/comments?post=1273"}],"version-history":[{"count":5,"href":"https:\/\/pedroguimaraesart.com\/en\/wp-json\/wp\/v2\/pages\/1273\/revisions"}],"predecessor-version":[{"id":1283,"href":"https:\/\/pedroguimaraesart.com\/en\/wp-json\/wp\/v2\/pages\/1273\/revisions\/1283"}],"wp:attachment":[{"href":"https:\/\/pedroguimaraesart.com\/en\/wp-json\/wp\/v2\/media?parent=1273"}],"curies":[{"name":"wp","href":"https:\/\/api.w.org\/{rel}","templated":true}]}}