{"id":586,"date":"2023-04-12T09:26:35","date_gmt":"2023-04-12T09:26:35","guid":{"rendered":"https:\/\/pedroguimaraesart.com\/reembolsos-e-devolucoes\/"},"modified":"2023-08-02T15:34:42","modified_gmt":"2023-08-02T15:34:42","slug":"reembolsos-e-devolucoes","status":"publish","type":"page","link":"https:\/\/pedroguimaraesart.com\/en\/reembolsos-e-devolucoes\/","title":{"rendered":"Reembolsos e Devolu\u00e7\u00f5es"},"content":{"rendered":"<p>[et_pb_section fb_built=&#8221;1&#8243; admin_label=&#8221;section&#8221; _builder_version=&#8221;4.16&#8243; global_colors_info=&#8221;{}&#8221;][et_pb_row admin_label=&#8221;row&#8221; _builder_version=&#8221;4.20.4&#8243; background_size=&#8221;initial&#8221; background_position=&#8221;top_left&#8221; background_repeat=&#8221;repeat&#8221; hover_enabled=&#8221;0&#8243; global_colors_info=&#8221;{}&#8221; sticky_enabled=&#8221;0&#8243;][et_pb_column type=&#8221;4_4&#8243; _builder_version=&#8221;4.16&#8243; custom_padding=&#8221;|||&#8221; global_colors_info=&#8221;{}&#8221; custom_padding__hover=&#8221;|||&#8221;][et_pb_text _builder_version=&#8221;4.20.4&#8243; _module_preset=&#8221;default&#8221; text_font=&#8221;Fahkwang||||||||&#8221; text_text_color=&#8221;#222222&#8243; text_font_size=&#8221;30px&#8221; header_3_font=&#8221;Fahkwang||||||||&#8221; header_3_font_size=&#8221;30px&#8221; text_orientation=&#8221;center&#8221; custom_margin=&#8221;||60px||false|false&#8221; global_colors_info=&#8221;{}&#8221;]<\/p>\n<p>Refunds and returns<\/p>\n<p>[\/et_pb_text][dsm_contact_form_7 cf7_library=&#8221;594&#8243; show_validation=&#8221;on&#8221; label_bottom_spacing=&#8221;0px&#8221; button_alignment=&#8221;center&#8221; input_background_color=&#8221;#FFFFFF&#8221; _builder_version=&#8221;4.20.4&#8243; _module_preset=&#8221;default&#8221; labels_font=&#8221;Fahkwang||||||||&#8221; labels_text_color=&#8221;#000000&#8243; custom_button_one=&#8221;on&#8221; button_one_text_size=&#8221;14px&#8221; button_one_text_color=&#8221;#FFFFFF&#8221; button_one_bg_color=&#8221;#222222&#8243; button_one_font=&#8221;Fahkwang||||||||&#8221; button_one_use_icon=&#8221;off&#8221; button_one_custom_margin=&#8221;10px||||false|false&#8221; button_one_custom_padding=&#8221;10px|25px|10px|25px|true|true&#8221; width=&#8221;100%&#8221; width_tablet=&#8221;100%&#8221; width_phone=&#8221;100%&#8221; width_last_edited=&#8221;on|tablet&#8221; module_alignment=&#8221;center&#8221; hover_enabled=&#8221;0&#8243; border_width_all_image=&#8221;1px&#8221; border_color_all_image=&#8221;#ced4da&#8221; global_colors_info=&#8221;{}&#8221; button_one_bg_color__hover_enabled=&#8221;on|hover&#8221; button_one_bg_color__hover=&#8221;#ffbe00&#8243; button_one_bg_enable_color__hover=&#8221;on&#8221; sticky_enabled=&#8221;0&#8243;][\/dsm_contact_form_7][\/et_pb_column][\/et_pb_row][\/et_pb_section]<\/p>\n","protected":false},"excerpt":{"rendered":"<p>Refunds and returns<div class=\"et_pb_with_border et_pb_module dsm_contact_form_7 dsm_contact_form_7_0\">\n\t\t\t\t\n\t\t\t\t\n\t\t\t\t\n\t\t\t\t\n\t\t\t\t\n\t\t\t\t\n\t\t\t\t<div class=\"et_pb_module_inner\">\n\t\t\t\t\t<div class=\"\">\n\t\t\t\t\n<div class=\"wpcf7 no-js\" id=\"wpcf7-f594-o1\" lang=\"pt-PT\" dir=\"ltr\">\n<div class=\"screen-reader-response\"><p role=\"status\" aria-live=\"polite\" aria-atomic=\"true\"><\/p> <ul><\/ul><\/div>\n<form action=\"\/en\/wp-json\/wp\/v2\/pages\/586#wpcf7-f594-o1\" method=\"post\" class=\"wpcf7-form init\" aria-label=\"Formul\u00e1rio de contacto\" novalidate=\"novalidate\" data-status=\"init\">\n<div style=\"display: none;\">\n<input type=\"hidden\" name=\"_wpcf7\" value=\"594\" \/>\n<input type=\"hidden\" name=\"_wpcf7_version\" value=\"5.7.6\" \/>\n<input type=\"hidden\" name=\"_wpcf7_locale\" value=\"pt_PT\" \/>\n<input type=\"hidden\" name=\"_wpcf7_unit_tag\" value=\"wpcf7-f594-o1\" \/>\n<input type=\"hidden\" name=\"_wpcf7_container_post\" value=\"0\" \/>\n<input type=\"hidden\" name=\"_wpcf7_posted_data_hash\" value=\"\" \/>\n<input type=\"hidden\" name=\"_wpcf7_recaptcha_response\" value=\"\" \/>\n<\/div>\n<p><label> First name<br \/>\n<span class=\"wpcf7-form-control-wrap\" data-name=\"your-name\"><input size=\"40\" class=\"wpcf7-form-control wpcf7-text wpcf7-validates-as-required\" autocomplete=\"name\" aria-required=\"true\" aria-invalid=\"false\" placeholder=\"First name\" value=\"\" type=\"text\" name=\"your-name\" \/><\/span> <\/label>\n<\/p>\n<p><label> Last name<br \/>\n<span class=\"wpcf7-form-control-wrap\" data-name=\"apelido\"><input size=\"40\" class=\"wpcf7-form-control wpcf7-text wpcf7-validates-as-required\" autocomplete=\"apelido\" aria-required=\"true\" aria-invalid=\"false\" placeholder=\"Last name\" value=\"\" type=\"text\" name=\"apelido\" \/><\/span> <\/label>\n<\/p>\n<p><label>E-mail<br \/>\n<span class=\"wpcf7-form-control-wrap\" data-name=\"email\"><input size=\"40\" class=\"wpcf7-form-control wpcf7-text wpcf7-email wpcf7-validates-as-required wpcf7-validates-as-email\" aria-required=\"true\" aria-invalid=\"false\" placeholder=\"E-mail\" value=\"\" type=\"email\" name=\"email\" \/><\/span><\/label>\n<\/p>\n<p><label> Order ID<br \/>\n<span class=\"wpcf7-form-control-wrap\" data-name=\"order\"><input size=\"40\" class=\"wpcf7-form-control wpcf7-text wpcf7-validates-as-required\" aria-required=\"true\" aria-invalid=\"false\" placeholder=\"Order ID\" value=\"\" type=\"text\" name=\"order\" \/><\/span> <\/label>\n<\/p>\n<p><label> Reason for the request<br \/>\n<span class=\"wpcf7-form-control-wrap dsm-contact-form-7-select\" data-name=\"menu-476\"><select class=\"wpcf7-form-control wpcf7-select et_pb_contact_select input\" aria-invalid=\"false\" name=\"menu-476\"><option value=\"Refund\">Refund<\/option><option value=\"Return\">Return<\/option><option value=\"Other..\">Other..<\/option><\/select><\/span><\/label>\n<\/p>\n<p><label>Additional comments<br \/>\n<span class=\"wpcf7-form-control-wrap\" data-name=\"textarea\"><textarea cols=\"40\" rows=\"4\" class=\"wpcf7-form-control wpcf7-textarea\" aria-invalid=\"false\" placeholder=\"Additional comments...\" name=\"textarea\"><\/textarea><\/span><\/label>\n<\/p>\n<p><span class=\"wpcf7-form-control-wrap\" data-name=\"rgpd\"><span class=\"wpcf7-form-control wpcf7-acceptance\"><span class=\"wpcf7-list-item\"><label><input type=\"checkbox\" name=\"rgpd\" value=\"1\" class=\"required\" aria-invalid=\"false\" \/><span class=\"wpcf7-list-item-label\">By submitting, I agree to the <a href=\"https:\/\/pedro-guimaraes-v2.myshopify.com\/en\/pages\/politicas-de-privacidade\" target=\"_blank\" style=\" color: #ffbe00; font-weight: bold; text-decoration: underline \">Privacy Policy<\/a> and on how my data is collected, stored and processed.<\/span><\/label><\/span><\/span><\/span>\n<\/p>\n<p><button class=\"wpcf7-form-control has-spinner et_pb_button et_pb_bg_layout_light wpcf7-submit\" type=\"submit\" value=\"Submit\">Submit<\/button>\n<\/p><div class=\"wpcf7-response-output\" aria-hidden=\"true\"><\/div>\n<\/form>\n<\/div>\n\n\t\t\t<\/div>\n\t\t\t\t<\/div>\n\t\t\t<\/div><\/p>\n","protected":false},"author":2,"featured_media":0,"parent":0,"menu_order":0,"comment_status":"closed","ping_status":"closed","template":"","meta":{"_et_pb_use_builder":"on","_et_pb_old_content":"<p>[et_pb_section fb_built=\"1\" admin_label=\"section\" _builder_version=\"4.16\" global_colors_info=\"{}\"][et_pb_row admin_label=\"row\" _builder_version=\"4.16\" background_size=\"initial\" background_position=\"top_left\" background_repeat=\"repeat\" global_colors_info=\"{}\"][et_pb_column type=\"4_4\" _builder_version=\"4.16\" custom_padding=\"|||\" global_colors_info=\"{}\" custom_padding__hover=\"|||\"][et_pb_text _builder_version=\"4.20.4\" _module_preset=\"default\" hover_enabled=\"0\" sticky_enabled=\"0\" header_3_font=\"Fahkwang||||||||\" header_3_font_size=\"30px\" text_font=\"Fahkwang||||||||\" text_font_size=\"30px\" text_text_color=\"#222222\" text_orientation=\"center\" custom_margin=\"||60px||false|false\"]<\/p><p>Reembolsos e Devolu\u00e7\u00f5es<\/p><p>[\/et_pb_text][dsm_contact_form_7 cf7_library=\"396\" _builder_version=\"4.20.4\" _module_preset=\"default\" hover_enabled=\"0\" global_colors_info=\"{}\" labels_font=\"Fahkwang||||||||\" labels_text_color=\"#000000\" sticky_enabled=\"0\" width=\"45%\" module_alignment=\"center\" input_background_color=\"#FFFFFF\" border_width_all_image=\"1px\" border_color_all_image=\"#ced4da\" label_bottom_spacing=\"0px\" custom_button_one=\"on\" button_alignment=\"center\" button_one_text_color=\"#FFFFFF\" button_one_bg_color=\"#222222\" button_one_bg_enable_color=\"on\" button_one_font=\"Fahkwang||||||||\" button_one_use_icon=\"off\" button_one_text_size=\"14px\" button_one_custom_padding=\"10px|25px|10px|25px|true|true\" button_one_custom_margin=\"10px||||false|false\" show_validation=\"on\" button_one_bg_color__hover_enabled=\"on|hover\" button_one_bg_color__hover=\"#ffbe00\" button_one_bg_enable_color__hover=\"on\" width_last_edited=\"on|tablet\" width_phone=\"100%\" width_tablet=\"100%\"][\/dsm_contact_form_7][\/et_pb_column][\/et_pb_row][\/et_pb_section]<\/p>","_et_gb_content_width":"","inline_featured_image":false},"yoast_head":"<!-- This site is optimized with the Yoast SEO Premium plugin v20.6 (Yoast SEO v20.6) - https:\/\/yoast.com\/wordpress\/plugins\/seo\/ -->\n<title>Reembolsos e Devolu\u00e7\u00f5es - Pedro Guimar\u00e3es<\/title>\n<meta name=\"robots\" content=\"index, follow, max-snippet:-1, max-image-preview:large, max-video-preview:-1\" \/>\n<link rel=\"canonical\" href=\"https:\/\/pedroguimaraesart.com\/en\/reembolsos-e-devolucoes\/\" \/>\n<meta property=\"og:locale\" content=\"en_US\" \/>\n<meta property=\"og:type\" content=\"article\" \/>\n<meta property=\"og:title\" content=\"Reembolsos e Devolu\u00e7\u00f5es\" \/>\n<meta property=\"og:description\" content=\"Refunds and returns\" \/>\n<meta property=\"og:url\" content=\"https:\/\/pedroguimaraesart.com\/en\/reembolsos-e-devolucoes\/\" \/>\n<meta property=\"og:site_name\" content=\"Pedro Guimar\u00e3es\" \/>\n<meta property=\"article:publisher\" content=\"https:\/\/www.facebook.com\/pedroguimaraespintor\" \/>\n<meta property=\"article:modified_time\" content=\"2023-08-02T15:34:42+00:00\" \/>\n<meta name=\"twitter:card\" content=\"summary_large_image\" \/>\n<meta name=\"twitter:label1\" content=\"Est. reading time\" \/>\n\t<meta name=\"twitter:data1\" content=\"1 minute\" \/>\n<script type=\"application\/ld+json\" class=\"yoast-schema-graph\">{\"@context\":\"https:\/\/schema.org\",\"@graph\":[{\"@type\":\"WebPage\",\"@id\":\"https:\/\/pedroguimaraesart.com\/en\/reembolsos-e-devolucoes\/\",\"url\":\"https:\/\/pedroguimaraesart.com\/en\/reembolsos-e-devolucoes\/\",\"name\":\"Reembolsos e Devolu\u00e7\u00f5es - Pedro Guimar\u00e3es\",\"isPartOf\":{\"@id\":\"https:\/\/pedroguimaraesart.com\/#website\"},\"datePublished\":\"2023-04-12T09:26:35+00:00\",\"dateModified\":\"2023-08-02T15:34:42+00:00\",\"breadcrumb\":{\"@id\":\"https:\/\/pedroguimaraesart.com\/en\/reembolsos-e-devolucoes\/#breadcrumb\"},\"inLanguage\":\"en-US\",\"potentialAction\":[{\"@type\":\"ReadAction\",\"target\":[\"https:\/\/pedroguimaraesart.com\/en\/reembolsos-e-devolucoes\/\"]}]},{\"@type\":\"BreadcrumbList\",\"@id\":\"https:\/\/pedroguimaraesart.com\/en\/reembolsos-e-devolucoes\/#breadcrumb\",\"itemListElement\":[{\"@type\":\"ListItem\",\"position\":1,\"name\":\"Home\",\"item\":\"https:\/\/pedroguimaraesart.com\/\"},{\"@type\":\"ListItem\",\"position\":2,\"name\":\"Reembolsos e Devolu\u00e7\u00f5es\"}]},{\"@type\":\"WebSite\",\"@id\":\"https:\/\/pedroguimaraesart.com\/#website\",\"url\":\"https:\/\/pedroguimaraesart.com\/\",\"name\":\"Pedro Guimar\u00e3es | Artista Pl\u00e1stico\",\"description\":\"Fine Art\",\"publisher\":{\"@id\":\"https:\/\/pedroguimaraesart.com\/#organization\"},\"potentialAction\":[{\"@type\":\"SearchAction\",\"target\":{\"@type\":\"EntryPoint\",\"urlTemplate\":\"https:\/\/pedroguimaraesart.com\/?s={search_term_string}\"},\"query-input\":\"required name=search_term_string\"}],\"inLanguage\":\"en-US\"},{\"@type\":\"Organization\",\"@id\":\"https:\/\/pedroguimaraesart.com\/#organization\",\"name\":\"Pedro Guimar\u00e3es | Artista Pl\u00e1stico\",\"url\":\"https:\/\/pedroguimaraesart.com\/\",\"logo\":{\"@type\":\"ImageObject\",\"inLanguage\":\"en-US\",\"@id\":\"https:\/\/pedroguimaraesart.com\/#\/schema\/logo\/image\/\",\"url\":\"https:\/\/pedroguimaraesart.com\/wp-content\/uploads\/2023\/04\/logo.png\",\"contentUrl\":\"https:\/\/pedroguimaraesart.com\/wp-content\/uploads\/2023\/04\/logo.png\",\"width\":1434,\"height\":444,\"caption\":\"Pedro Guimar\u00e3es | Artista Pl\u00e1stico\"},\"image\":{\"@id\":\"https:\/\/pedroguimaraesart.com\/#\/schema\/logo\/image\/\"},\"sameAs\":[\"https:\/\/www.facebook.com\/pedroguimaraespintor\"]}]}<\/script>\n<!-- \/ Yoast SEO Premium plugin. -->","yoast_head_json":{"title":"Reembolsos e Devolu\u00e7\u00f5es - Pedro Guimar\u00e3es","robots":{"index":"index","follow":"follow","max-snippet":"max-snippet:-1","max-image-preview":"max-image-preview:large","max-video-preview":"max-video-preview:-1"},"canonical":"https:\/\/pedroguimaraesart.com\/en\/reembolsos-e-devolucoes\/","og_locale":"en_US","og_type":"article","og_title":"Reembolsos e Devolu\u00e7\u00f5es","og_description":"Refunds and returns","og_url":"https:\/\/pedroguimaraesart.com\/en\/reembolsos-e-devolucoes\/","og_site_name":"Pedro Guimar\u00e3es","article_publisher":"https:\/\/www.facebook.com\/pedroguimaraespintor","article_modified_time":"2023-08-02T15:34:42+00:00","twitter_card":"summary_large_image","twitter_misc":{"Est. reading time":"1 minute"},"schema":{"@context":"https:\/\/schema.org","@graph":[{"@type":"WebPage","@id":"https:\/\/pedroguimaraesart.com\/en\/reembolsos-e-devolucoes\/","url":"https:\/\/pedroguimaraesart.com\/en\/reembolsos-e-devolucoes\/","name":"Reembolsos e Devolu\u00e7\u00f5es - Pedro Guimar\u00e3es","isPartOf":{"@id":"https:\/\/pedroguimaraesart.com\/#website"},"datePublished":"2023-04-12T09:26:35+00:00","dateModified":"2023-08-02T15:34:42+00:00","breadcrumb":{"@id":"https:\/\/pedroguimaraesart.com\/en\/reembolsos-e-devolucoes\/#breadcrumb"},"inLanguage":"en-US","potentialAction":[{"@type":"ReadAction","target":["https:\/\/pedroguimaraesart.com\/en\/reembolsos-e-devolucoes\/"]}]},{"@type":"BreadcrumbList","@id":"https:\/\/pedroguimaraesart.com\/en\/reembolsos-e-devolucoes\/#breadcrumb","itemListElement":[{"@type":"ListItem","position":1,"name":"Home","item":"https:\/\/pedroguimaraesart.com\/"},{"@type":"ListItem","position":2,"name":"Reembolsos e Devolu\u00e7\u00f5es"}]},{"@type":"WebSite","@id":"https:\/\/pedroguimaraesart.com\/#website","url":"https:\/\/pedroguimaraesart.com\/","name":"Pedro Guimar\u00e3es | Artista Pl\u00e1stico","description":"Fine Art","publisher":{"@id":"https:\/\/pedroguimaraesart.com\/#organization"},"potentialAction":[{"@type":"SearchAction","target":{"@type":"EntryPoint","urlTemplate":"https:\/\/pedroguimaraesart.com\/?s={search_term_string}"},"query-input":"required name=search_term_string"}],"inLanguage":"en-US"},{"@type":"Organization","@id":"https:\/\/pedroguimaraesart.com\/#organization","name":"Pedro Guimar\u00e3es | Artista Pl\u00e1stico","url":"https:\/\/pedroguimaraesart.com\/","logo":{"@type":"ImageObject","inLanguage":"en-US","@id":"https:\/\/pedroguimaraesart.com\/#\/schema\/logo\/image\/","url":"https:\/\/pedroguimaraesart.com\/wp-content\/uploads\/2023\/04\/logo.png","contentUrl":"https:\/\/pedroguimaraesart.com\/wp-content\/uploads\/2023\/04\/logo.png","width":1434,"height":444,"caption":"Pedro Guimar\u00e3es | Artista Pl\u00e1stico"},"image":{"@id":"https:\/\/pedroguimaraesart.com\/#\/schema\/logo\/image\/"},"sameAs":["https:\/\/www.facebook.com\/pedroguimaraespintor"]}]}},"_links":{"self":[{"href":"https:\/\/pedroguimaraesart.com\/en\/wp-json\/wp\/v2\/pages\/586"}],"collection":[{"href":"https:\/\/pedroguimaraesart.com\/en\/wp-json\/wp\/v2\/pages"}],"about":[{"href":"https:\/\/pedroguimaraesart.com\/en\/wp-json\/wp\/v2\/types\/page"}],"author":[{"embeddable":true,"href":"https:\/\/pedroguimaraesart.com\/en\/wp-json\/wp\/v2\/users\/2"}],"replies":[{"embeddable":true,"href":"https:\/\/pedroguimaraesart.com\/en\/wp-json\/wp\/v2\/comments?post=586"}],"version-history":[{"count":6,"href":"https:\/\/pedroguimaraesart.com\/en\/wp-json\/wp\/v2\/pages\/586\/revisions"}],"predecessor-version":[{"id":1331,"href":"https:\/\/pedroguimaraesart.com\/en\/wp-json\/wp\/v2\/pages\/586\/revisions\/1331"}],"wp:attachment":[{"href":"https:\/\/pedroguimaraesart.com\/en\/wp-json\/wp\/v2\/media?parent=586"}],"curies":[{"name":"wp","href":"https:\/\/api.w.org\/{rel}","templated":true}]}}